{"id":4466,"date":"2026-04-10T15:33:33","date_gmt":"2026-04-10T15:33:33","guid":{"rendered":"https:\/\/staging.echafaudagesecurit.com\/product\/secur-rack\/"},"modified":"2026-04-10T15:33:33","modified_gmt":"2026-04-10T15:33:33","slug":"secur-rack","status":"publish","type":"product","link":"https:\/\/staging.echafaudagesecurit.com\/en\/product\/secur-rack\/","title":{"rendered":"SECUR-RACK"},"content":{"rendered":"<ul>\n<li style=\"font-weight: 400;\">Stackable transport Secur-Rack up to two high in warehouse.<\/li>\n<li style=\"font-weight: 400;\">Maximum loading of 1,200lb (545 kg).<\/li>\n<li style=\"font-weight: 400;\">Les boulons et \u00e9crous doivent \u00eatre inspect\u00e9s au moins une fois par semaine, soit par le prestataire, soit par une personne d\u00e9sign\u00e9e pour inspection.<\/li>\n<li style=\"font-weight: 400;\">Bolts and nuts must be inspected at least once a week, either by the contractor or someone mandated for inspection.<\/li>\n<\/ul>\n<p>&nbsp;<\/p>\n","protected":false},"excerpt":{"rendered":"<p>Galvanized Steel transport rack For securing 80 Rapid-Guard<\/p>\n","protected":false},"featured_media":4463,"template":"","meta":[],"product_brand":[],"product_cat":[91],"product_tag":[],"class_list":{"0":"post-4466","1":"product","2":"type-product","3":"status-publish","4":"has-post-thumbnail","6":"product_cat-accessories","8":"first","9":"instock","10":"taxable","11":"shipping-taxable","12":"purchasable","13":"product-type-simple"},"_links":{"self":[{"href":"https:\/\/staging.echafaudagesecurit.com\/en\/wp-json\/wp\/v2\/product\/4466","targetHints":{"allow":["GET"]}}],"collection":[{"href":"https:\/\/staging.echafaudagesecurit.com\/en\/wp-json\/wp\/v2\/product"}],"about":[{"href":"https:\/\/staging.echafaudagesecurit.com\/en\/wp-json\/wp\/v2\/types\/product"}],"wp:featuredmedia":[{"embeddable":true,"href":"https:\/\/staging.echafaudagesecurit.com\/en\/wp-json\/wp\/v2\/media\/4463"}],"wp:attachment":[{"href":"https:\/\/staging.echafaudagesecurit.com\/en\/wp-json\/wp\/v2\/media?parent=4466"}],"wp:term":[{"taxonomy":"product_brand","embeddable":true,"href":"https:\/\/staging.echafaudagesecurit.com\/en\/wp-json\/wp\/v2\/product_brand?post=4466"},{"taxonomy":"product_cat","embeddable":true,"href":"https:\/\/staging.echafaudagesecurit.com\/en\/wp-json\/wp\/v2\/product_cat?post=4466"},{"taxonomy":"product_tag","embeddable":true,"href":"https:\/\/staging.echafaudagesecurit.com\/en\/wp-json\/wp\/v2\/product_tag?post=4466"}],"curies":[{"name":"wp","href":"https:\/\/api.w.org\/{rel}","templated":true}]}}